{"id":1023,"date":"2023-05-17T11:48:22","date_gmt":"2023-05-17T11:48:22","guid":{"rendered":"https:\/\/cness.ne\/?page_id=1023"},"modified":"2025-11-12T13:41:55","modified_gmt":"2025-11-12T13:41:55","slug":"axe_strategiques","status":"publish","type":"page","link":"https:\/\/cness.ne\/?page_id=1023","title":{"rendered":"Axes Strat\u00e9giques"},"content":{"rendered":"\t\t<div data-elementor-type=\"wp-page\" data-elementor-id=\"1023\" class=\"elementor elementor-1023\">\n\t\t\t\t\t\t\t\t\t<section class=\"elementor-section elementor-top-section elementor-element elementor-element-6eb9edc9 elementor-section-full_width elementor-section-height-default elementor-section-height-default\" data-id=\"6eb9edc9\" data-element_type=\"section\" data-settings=\"{&quot;background_background&quot;:&quot;classic&quot;}\">\n\t\t\t\t\t\t\t<div class=\"elementor-background-overlay\"><\/div>\n\t\t\t\t\t\t\t<div class=\"elementor-container elementor-column-gap-default\">\n\t\t\t\t\t<div class=\"elementor-column elementor-col-100 elementor-top-column elementor-element elementor-element-4f4d723\" data-id=\"4f4d723\" data-element_type=\"column\">\n\t\t\t<div class=\"elementor-widget-wrap elementor-element-populated\">\n\t\t\t\t\t\t\t\t<div class=\"elementor-element elementor-element-65e83101 elementor-widget elementor-widget-page-title\" data-id=\"65e83101\" data-element_type=\"widget\" data-settings=\"{&quot;align&quot;:&quot;center&quot;}\" data-widget_type=\"page-title.default\">\n\t\t\t\t<div class=\"elementor-widget-container\">\n\t\t\t\t\t\n\t\t<div class=\"hfe-page-title hfe-page-title-wrapper elementor-widget-heading\">\n\n\t\t\t\t\t\t\t\t\t\t\t<a href=\"https:\/\/cness.ne\">\n\t\t\t\t\t\t<h2 class=\"elementor-heading-title elementor-size-default\">\n\t\t\t\t\t\t\t\t\n\t\t\t\tAxes Strat\u00e9giques  \n\t\t\t<\/h2 > \n\t\t\t\t\t\t\t\t\t<\/a>\n\t\t\t\t\t<\/div>\n\t\t\t\t<\/div>\n\t\t\t\t<\/div>\n\t\t\t\t\t<\/div>\n\t\t<\/div>\n\t\t\t\t\t\t\t<\/div>\n\t\t<\/section>\n\t\t\t\t<section class=\"elementor-section elementor-top-section elementor-element elementor-element-fafdd25 elementor-section-boxed elementor-section-height-default elementor-section-height-default\" data-id=\"fafdd25\" data-element_type=\"section\">\n\t\t\t\t\t\t<div class=\"elementor-container elementor-column-gap-default\">\n\t\t\t\t\t<div class=\"elementor-column elementor-col-100 elementor-top-column elementor-element elementor-element-5683d9b\" data-id=\"5683d9b\" data-element_type=\"column\">\n\t\t\t<div class=\"elementor-widget-wrap elementor-element-populated\">\n\t\t\t\t\t\t\t\t<div class=\"elementor-element elementor-element-c734fb6 elementor-widget elementor-widget-text-editor\" data-id=\"c734fb6\" data-element_type=\"widget\" data-widget_type=\"text-editor.default\">\n\t\t\t\t<div class=\"elementor-widget-container\">\n\t\t\t<style>\/*! elementor - v3.15.0 - 20-08-2023 *\/\n.elementor-widget-text-editor.elementor-drop-cap-view-stacked .elementor-drop-cap{background-color:#69727d;color:#fff}.elementor-widget-text-editor.elementor-drop-cap-view-framed .elementor-drop-cap{color:#69727d;border:3px solid;background-color:transparent}.elementor-widget-text-editor:not(.elementor-drop-cap-view-default) .elementor-drop-cap{margin-top:8px}.elementor-widget-text-editor:not(.elementor-drop-cap-view-default) .elementor-drop-cap-letter{width:1em;height:1em}.elementor-widget-text-editor .elementor-drop-cap{float:left;text-align:center;line-height:1;font-size:50px}.elementor-widget-text-editor .elementor-drop-cap-letter{display:inline-block}<\/style>\t\t\t\t<p>Pour atteindre nos objectifs et mener \u00e0 bien nos missions, nous avons mis&nbsp; en place des strat\u00e9gies :<\/p>\n<ul>\n<li>\n<p>Stimulation de&nbsp; l&rsquo;innovation et le d\u00e9veloppement des dispositifs de recherche en mati\u00e8re de gestion de crises&nbsp;.<\/p>\n<\/li>\n<li>\n<p>D\u2019\u00e9valuation des r\u00e9sultats des recherches et contribuer \u00e0 la prise des d\u00e9cisions strat\u00e9giques du CNESS&nbsp;.<\/p>\n<\/li>\n<li>\n<p>D\u2019\u00e9laboration et de mise en \u0153uvre du projet p\u00e9dagogique et des programmes de formation en mati\u00e8re de d\u00e9fense, de s\u00e9curit\u00e9, de paix et de d\u00e9veloppement .<\/p>\n<\/li>\n<li>\n<p>De suivi en temps r\u00e9el l\u2019\u00e9volution des diff\u00e9rentes formes d\u2019ins\u00e9curit\u00e9 au niveau national&nbsp;.<\/p>\n<\/li>\n<li>\n<p>De production des rapports p\u00e9riodiques sur la dynamique s\u00e9curitaire par r\u00e9gion, d\u00e9partement et commune en s\u2019appuyant sur les p\u00f4les r\u00e9gionaux&nbsp;.<\/p>\n<\/li>\n<li>\n<p>D\u2019offrir des perspectives d\u2019analyses sur la base d\u2019informations actualis\u00e9es .<\/p><\/li>\n<li>De l\u2019analyse des facteurs de risques et de fragilit\u00e9&nbsp;<\/li>\n<li>D\u2019alerter les autorit\u00e9s \u00e0 temps sur les tendances de risques potentiels de conflit&nbsp;<\/li>\n<li>D\u2019\u00e9tablissement de la cartographie des zones \u00e0 risques.<\/li>\n<li>De mise en place un ensemble de dispositions qui devraient d\u00e9boucher sur des pr\u00e9conisations de mesures pr\u00e9ventives et la diffusion d\u2019indicateurs d\u2019alerte.&nbsp;<\/li>\n<\/ul>\t\t\t\t\t\t<\/div>\n\t\t\t\t<\/div>\n\t\t\t\t\t<\/div>\n\t\t<\/div>\n\t\t\t\t\t\t\t<\/div>\n\t\t<\/section>\n\t\t\t\t<section class=\"elementor-section elementor-top-section elementor-element elementor-element-19f4bb3b elementor-section-boxed elementor-section-height-default elementor-section-height-default\" data-id=\"19f4bb3b\" data-element_type=\"section\" data-settings=\"{&quot;background_background&quot;:&quot;classic&quot;}\">\n\t\t\t\t\t\t<div class=\"elementor-container elementor-column-gap-default\">\n\t\t\t\t\t<div class=\"elementor-column elementor-col-100 elementor-top-column elementor-element elementor-element-2b6ea870\" data-id=\"2b6ea870\" data-element_type=\"column\">\n\t\t\t<div class=\"elementor-widget-wrap elementor-element-populated\">\n\t\t\t\t\t\t\t\t<section class=\"elementor-section elementor-inner-section elementor-element elementor-element-1eb8cc72 elementor-section-boxed elementor-section-height-default elementor-section-height-default\" data-id=\"1eb8cc72\" data-element_type=\"section\">\n\t\t\t\t\t\t<div class=\"elementor-container elementor-column-gap-default\">\n\t\t\t\t\t<div class=\"elementor-column elementor-col-33 elementor-inner-column elementor-element elementor-element-378848a\" data-id=\"378848a\" data-element_type=\"column\">\n\t\t\t<div class=\"elementor-widget-wrap\">\n\t\t\t\t\t\t\t\t\t<\/div>\n\t\t<\/div>\n\t\t\t\t<div class=\"elementor-column elementor-col-33 elementor-inner-column elementor-element elementor-element-71a4c7e4\" data-id=\"71a4c7e4\" data-element_type=\"column\">\n\t\t\t<div class=\"elementor-widget-wrap elementor-element-populated\">\n\t\t\t\t\t\t\t\t<div class=\"elementor-element elementor-element-43d0f048 elementor-widget elementor-widget-elementskit-heading\" data-id=\"43d0f048\" data-element_type=\"widget\" data-widget_type=\"elementskit-heading.default\">\n\t\t\t\t<div class=\"elementor-widget-container\">\n\t\t\t<div class=\"ekit-wid-con\" ><div class=\"ekit-heading elementskit-section-title-wraper text_center   ekit_heading_tablet-   ekit_heading_mobile-\"><h2 class=\"ekit-heading--title elementskit-section-title \">Nos axes strat\u00e9giques <\/h2><\/div><\/div>\t\t<\/div>\n\t\t\t\t<\/div>\n\t\t\t\t\t<\/div>\n\t\t<\/div>\n\t\t\t\t<div class=\"elementor-column elementor-col-33 elementor-inner-column elementor-element elementor-element-72a9eb76\" data-id=\"72a9eb76\" data-element_type=\"column\">\n\t\t\t<div class=\"elementor-widget-wrap\">\n\t\t\t\t\t\t\t\t\t<\/div>\n\t\t<\/div>\n\t\t\t\t\t\t\t<\/div>\n\t\t<\/section>\n\t\t\t\t<section class=\"elementor-section elementor-inner-section elementor-element elementor-element-15c30604 elementor-section-boxed elementor-section-height-default elementor-section-height-default\" data-id=\"15c30604\" data-element_type=\"section\">\n\t\t\t\t\t\t<div class=\"elementor-container elementor-column-gap-default\">\n\t\t\t\t\t<div class=\"elementor-column elementor-col-25 elementor-inner-column elementor-element elementor-element-c31600\" data-id=\"c31600\" data-element_type=\"column\">\n\t\t\t<div class=\"elementor-widget-wrap elementor-element-populated\">\n\t\t\t\t\t\t\t\t<div class=\"elementor-element elementor-element-28ee05f0 ekit-equal-height-enable elementor-widget elementor-widget-elementskit-icon-box\" data-id=\"28ee05f0\" data-element_type=\"widget\" data-widget_type=\"elementskit-icon-box.default\">\n\t\t\t\t<div class=\"elementor-widget-container\">\n\t\t\t<div class=\"ekit-wid-con\" >        <!-- link opening -->\n                <a href=\"#\" target=\"_self\" rel=\"\" class=\"ekit_global_links\">\n                <!-- end link opening -->\n\n        <div class=\"elementskit-infobox text-center text- icon-top-align elementor-animation-   \">\n                            <div class=\"elementskit-box-header\">\n                <div class=\"elementskit-info-box-icon \">\n                    <img decoding=\"async\" src=\"\" title=\"\" alt=\"\" \/>                <\/div>\n          <\/div>\n                <div class=\"box-body\">\n                            <h3 class=\"elementskit-info-box-title\">\n                    Axe strat\u00e9gique I                <\/h3>\n                        \t\t  <p>D\u00e9veloppement des capacit\u00e9s institutionnelles et mobilisation des ressources(humaines et financi\u00e8res )ainsi que celui des outils et instruments du CNESS n\u00e9cessaires dans la mise en \u0153uvre de ses programmes<\/p>\n                                <\/div>\n        \n        \n                <\/div>\n                <\/a>\n        <\/div>\t\t<\/div>\n\t\t\t\t<\/div>\n\t\t\t\t\t<\/div>\n\t\t<\/div>\n\t\t\t\t<div class=\"elementor-column elementor-col-25 elementor-inner-column elementor-element elementor-element-7a704437\" data-id=\"7a704437\" data-element_type=\"column\">\n\t\t\t<div class=\"elementor-widget-wrap elementor-element-populated\">\n\t\t\t\t\t\t\t\t<div class=\"elementor-element elementor-element-7fdb76a4 ekit-equal-height-enable elementor-widget elementor-widget-elementskit-icon-box\" data-id=\"7fdb76a4\" data-element_type=\"widget\" data-widget_type=\"elementskit-icon-box.default\">\n\t\t\t\t<div class=\"elementor-widget-container\">\n\t\t\t<div class=\"ekit-wid-con\" >        <!-- link opening -->\n                <a href=\"#\" target=\"_self\" rel=\"\" class=\"ekit_global_links\">\n                <!-- end link opening -->\n\n        <div class=\"elementskit-infobox text-center text- icon-top-align elementor-animation-   \">\n                            <div class=\"elementskit-box-header\">\n                <div class=\"elementskit-info-box-icon \">\n                    <img decoding=\"async\" src=\"\" title=\"\" alt=\"\" \/>                <\/div>\n          <\/div>\n                <div class=\"box-body\">\n                            <h3 class=\"elementskit-info-box-title\">\n                    Axe strat\u00e9gique II                <\/h3>\n                        \t\t  <p>D\u00e9veloppement des \u00e9tudes et recherche a la demande des institutions et services publics nationaux et  internationaux sur les enjeux s\u00e9curitaires pr\u00e9sents et futurs <\/p>\n                                <\/div>\n        \n        \n                <\/div>\n                <\/a>\n        <\/div>\t\t<\/div>\n\t\t\t\t<\/div>\n\t\t\t\t\t<\/div>\n\t\t<\/div>\n\t\t\t\t<div class=\"elementor-column elementor-col-25 elementor-inner-column elementor-element elementor-element-3b2b7c29\" data-id=\"3b2b7c29\" data-element_type=\"column\" data-settings=\"{&quot;background_background&quot;:&quot;classic&quot;}\">\n\t\t\t<div class=\"elementor-widget-wrap elementor-element-populated\">\n\t\t\t\t\t\t\t\t<div class=\"elementor-element elementor-element-63d16dc7 ekit-equal-height-enable elementor-widget elementor-widget-elementskit-icon-box\" data-id=\"63d16dc7\" data-element_type=\"widget\" data-widget_type=\"elementskit-icon-box.default\">\n\t\t\t\t<div class=\"elementor-widget-container\">\n\t\t\t<div class=\"ekit-wid-con\" >        <!-- link opening -->\n                <a href=\"#\" target=\"_self\" rel=\"\" class=\"ekit_global_links\">\n                <!-- end link opening -->\n\n        <div class=\"elementskit-infobox text-center text- icon-top-align elementor-animation-   \">\n                            <div class=\"elementskit-box-header\">\n                <div class=\"elementskit-info-box-icon \">\n                    <img decoding=\"async\" src=\"\" title=\"\" alt=\"\" \/>                <\/div>\n          <\/div>\n                <div class=\"box-body\">\n                            <h3 class=\"elementskit-info-box-title\">\n                    Axe strat\u00e9gique III                <\/h3>\n                        \t\t  <p>D\u00e9veloppement de la formation pour redynamiser les capacit\u00e9s institutionnelles dans la gestion des facteurs de crises et conflits<\/p>\n                                <\/div>\n        \n        \n                <\/div>\n                <\/a>\n        <\/div>\t\t<\/div>\n\t\t\t\t<\/div>\n\t\t\t\t\t<\/div>\n\t\t<\/div>\n\t\t\t\t<div class=\"elementor-column elementor-col-25 elementor-inner-column elementor-element elementor-element-337865cc\" data-id=\"337865cc\" data-element_type=\"column\" data-settings=\"{&quot;background_background&quot;:&quot;classic&quot;}\">\n\t\t\t<div class=\"elementor-widget-wrap elementor-element-populated\">\n\t\t\t\t\t\t\t\t<div class=\"elementor-element elementor-element-11bddd79 ekit-equal-height-enable elementor-widget elementor-widget-elementskit-icon-box\" data-id=\"11bddd79\" data-element_type=\"widget\" data-widget_type=\"elementskit-icon-box.default\">\n\t\t\t\t<div class=\"elementor-widget-container\">\n\t\t\t<div class=\"ekit-wid-con\" >        <!-- link opening -->\n                <a href=\"#\" target=\"_self\" rel=\"\" class=\"ekit_global_links\">\n                <!-- end link opening -->\n\n        <div class=\"elementskit-infobox text-center text- icon-top-align elementor-animation-   \">\n                            <div class=\"elementskit-box-header\">\n                <div class=\"elementskit-info-box-icon \">\n                    <img decoding=\"async\" src=\"\" title=\"\" alt=\"\" \/>                <\/div>\n          <\/div>\n                <div class=\"box-body\">\n                            <h3 class=\"elementskit-info-box-title\">\n                    Axe strat\u00e9gique IV                <\/h3>\n                        \t\t  <p>D\u00e9veloppement des capacit\u00e9s des forces de d\u00e9fense et de s\u00e9curit\u00e9<\/p>\n                                <\/div>\n        \n        \n                <\/div>\n                <\/a>\n        <\/div>\t\t<\/div>\n\t\t\t\t<\/div>\n\t\t\t\t\t<\/div>\n\t\t<\/div>\n\t\t\t\t\t\t\t<\/div>\n\t\t<\/section>\n\t\t\t\t\t<\/div>\n\t\t<\/div>\n\t\t\t\t\t\t\t<\/div>\n\t\t<\/section>\n\t\t\t\t\t\t\t<\/div>\n\t\t","protected":false},"excerpt":{"rendered":"<p>Axes Strat\u00e9giques Pour atteindre nos objectifs et mener \u00e0 bien nos missions, nous avons mis&nbsp; en place des strat\u00e9gies : Stimulation de&nbsp; l&rsquo;innovation et le d\u00e9veloppement des dispositifs de recherche en mati\u00e8re de gestion de crises&nbsp;. D\u2019\u00e9valuation des r\u00e9sultats des recherches et contribuer \u00e0 la prise des d\u00e9cisions strat\u00e9giques du CNESS&nbsp;. D\u2019\u00e9laboration et de mise [&hellip;]<\/p>\n","protected":false},"author":1,"featured_media":0,"parent":0,"menu_order":0,"comment_status":"closed","ping_status":"closed","template":"elementor_canvas","meta":{"footnotes":""},"class_list":["post-1023","page","type-page","status-publish","hentry"],"_links":{"self":[{"href":"https:\/\/cness.ne\/index.php?rest_route=\/wp\/v2\/pages\/1023","targetHints":{"allow":["GET"]}}],"collection":[{"href":"https:\/\/cness.ne\/index.php?rest_route=\/wp\/v2\/pages"}],"about":[{"href":"https:\/\/cness.ne\/index.php?rest_route=\/wp\/v2\/types\/page"}],"author":[{"embeddable":true,"href":"https:\/\/cness.ne\/index.php?rest_route=\/wp\/v2\/users\/1"}],"replies":[{"embeddable":true,"href":"https:\/\/cness.ne\/index.php?rest_route=%2Fwp%2Fv2%2Fcomments&post=1023"}],"version-history":[{"count":28,"href":"https:\/\/cness.ne\/index.php?rest_route=\/wp\/v2\/pages\/1023\/revisions"}],"predecessor-version":[{"id":1880,"href":"https:\/\/cness.ne\/index.php?rest_route=\/wp\/v2\/pages\/1023\/revisions\/1880"}],"wp:attachment":[{"href":"https:\/\/cness.ne\/index.php?rest_route=%2Fwp%2Fv2%2Fmedia&parent=1023"}],"curies":[{"name":"wp","href":"https:\/\/api.w.org\/{rel}","templated":true}]}}