{"id":353,"date":"2023-03-06T11:00:46","date_gmt":"2023-03-06T11:00:46","guid":{"rendered":"https:\/\/cness.ne\/?page_id=353"},"modified":"2025-11-12T13:32:36","modified_gmt":"2025-11-12T13:32:36","slug":"presentation","status":"publish","type":"page","link":"https:\/\/cness.ne\/?page_id=353","title":{"rendered":"Pr\u00e9sentation"},"content":{"rendered":"\t\t<div data-elementor-type=\"wp-page\" data-elementor-id=\"353\" class=\"elementor elementor-353\">\n\t\t\t\t\t\t\t\t\t<section class=\"elementor-section elementor-top-section elementor-element elementor-element-efe9007 elementor-section-full_width elementor-section-height-default elementor-section-height-default\" data-id=\"efe9007\" data-element_type=\"section\" data-settings=\"{&quot;background_background&quot;:&quot;classic&quot;}\">\n\t\t\t\t\t\t\t<div class=\"elementor-background-overlay\"><\/div>\n\t\t\t\t\t\t\t<div class=\"elementor-container elementor-column-gap-default\">\n\t\t\t\t\t<div class=\"elementor-column elementor-col-100 elementor-top-column elementor-element elementor-element-01bcf4b\" data-id=\"01bcf4b\" data-element_type=\"column\">\n\t\t\t<div class=\"elementor-widget-wrap elementor-element-populated\">\n\t\t\t\t\t\t\t\t<div class=\"elementor-element elementor-element-be06649 elementor-widget elementor-widget-page-title\" data-id=\"be06649\" data-element_type=\"widget\" data-settings=\"{&quot;align&quot;:&quot;center&quot;}\" data-widget_type=\"page-title.default\">\n\t\t\t\t<div class=\"elementor-widget-container\">\n\t\t\t\t\t\n\t\t<div class=\"hfe-page-title hfe-page-title-wrapper elementor-widget-heading\">\n\n\t\t\t\t\t\t\t\t\t\t\t<a href=\"https:\/\/cness.ne\">\n\t\t\t\t\t\t<h2 class=\"elementor-heading-title elementor-size-default\">\n\t\t\t\t\t\t\t\t\n\t\t\t\tPr\u00e9sentation  \n\t\t\t<\/h2 > \n\t\t\t\t\t\t\t\t\t<\/a>\n\t\t\t\t\t<\/div>\n\t\t\t\t<\/div>\n\t\t\t\t<\/div>\n\t\t\t\t\t<\/div>\n\t\t<\/div>\n\t\t\t\t\t\t\t<\/div>\n\t\t<\/section>\n\t\t\t\t<section class=\"elementor-section elementor-top-section elementor-element elementor-element-d6eb897 elementor-section-boxed elementor-section-height-default elementor-section-height-default\" data-id=\"d6eb897\" data-element_type=\"section\">\n\t\t\t\t\t\t<div class=\"elementor-container elementor-column-gap-default\">\n\t\t\t\t\t<div class=\"elementor-column elementor-col-100 elementor-top-column elementor-element elementor-element-234c872\" data-id=\"234c872\" data-element_type=\"column\">\n\t\t\t<div class=\"elementor-widget-wrap elementor-element-populated\">\n\t\t\t\t\t\t\t\t<div class=\"elementor-element elementor-element-cf9a407 elementor-widget elementor-widget-elementskit-heading\" data-id=\"cf9a407\" data-element_type=\"widget\" data-widget_type=\"elementskit-heading.default\">\n\t\t\t\t<div class=\"elementor-widget-container\">\n\t\t\t<div class=\"ekit-wid-con\" ><div class=\"ekit-heading elementskit-section-title-wraper text_center   ekit_heading_tablet-   ekit_heading_mobile-\"><h2 class=\"ekit-heading--title elementskit-section-title \">CNESS<\/h2><div class=\"ekit_heading_separetor_wraper ekit_heading_elementskit-border-divider\"><div class=\"elementskit-border-divider\"><\/div><\/div><\/div><\/div>\t\t<\/div>\n\t\t\t\t<\/div>\n\t\t\t\t\t<\/div>\n\t\t<\/div>\n\t\t\t\t\t\t\t<\/div>\n\t\t<\/section>\n\t\t\t\t<section class=\"elementor-section elementor-top-section elementor-element elementor-element-c359a1e elementor-section-boxed elementor-section-height-default elementor-section-height-default\" data-id=\"c359a1e\" data-element_type=\"section\">\n\t\t\t\t\t\t<div class=\"elementor-container elementor-column-gap-default\">\n\t\t\t\t\t<div class=\"elementor-column elementor-col-33 elementor-top-column elementor-element elementor-element-c0dd5c0\" data-id=\"c0dd5c0\" data-element_type=\"column\">\n\t\t\t<div class=\"elementor-widget-wrap elementor-element-populated\">\n\t\t\t\t\t\t\t\t<div class=\"elementor-element elementor-element-f0183cf elementor-widget__width-initial elementor-widget elementor-widget-image\" data-id=\"f0183cf\" data-element_type=\"widget\" data-widget_type=\"image.default\">\n\t\t\t\t<div class=\"elementor-widget-container\">\n\t\t\t<style>\/*! elementor - v3.15.0 - 20-08-2023 *\/\n.elementor-widget-image{text-align:center}.elementor-widget-image a{display:inline-block}.elementor-widget-image a img[src$=\".svg\"]{width:48px}.elementor-widget-image img{vertical-align:middle;display:inline-block}<\/style>\t\t\t\t\t\t\t\t\t\t\t\t<img loading=\"lazy\" decoding=\"async\" width=\"734\" height=\"1080\" src=\"https:\/\/cness.ne\/wp-content\/uploads\/2025\/10\/WhatsApp-Image-2025-10-02-at-18.39.42.jpeg\" class=\"attachment-1536x1536 size-1536x1536 wp-image-1764\" alt=\"\" srcset=\"https:\/\/cness.ne\/wp-content\/uploads\/2025\/10\/WhatsApp-Image-2025-10-02-at-18.39.42.jpeg 734w, https:\/\/cness.ne\/wp-content\/uploads\/2025\/10\/WhatsApp-Image-2025-10-02-at-18.39.42-204x300.jpeg 204w, https:\/\/cness.ne\/wp-content\/uploads\/2025\/10\/WhatsApp-Image-2025-10-02-at-18.39.42-696x1024.jpeg 696w\" sizes=\"auto, (max-width: 734px) 100vw, 734px\" \/>\t\t\t\t\t\t\t\t\t\t\t\t\t\t\t<\/div>\n\t\t\t\t<\/div>\n\t\t\t\t\t<\/div>\n\t\t<\/div>\n\t\t\t\t<div class=\"elementor-column elementor-col-66 elementor-top-column elementor-element elementor-element-92085f3\" data-id=\"92085f3\" data-element_type=\"column\">\n\t\t\t<div class=\"elementor-widget-wrap elementor-element-populated\">\n\t\t\t\t\t\t\t\t<div class=\"elementor-element elementor-element-98461c3 elementor-tabs-view-horizontal elementor-widget elementor-widget-tabs\" data-id=\"98461c3\" data-element_type=\"widget\" data-widget_type=\"tabs.default\">\n\t\t\t\t<div class=\"elementor-widget-container\">\n\t\t\t<style>\/*! elementor - v3.15.0 - 20-08-2023 *\/\n.elementor-widget-tabs.elementor-tabs-view-vertical .elementor-tabs-wrapper{width:25%;flex-shrink:0}.elementor-widget-tabs.elementor-tabs-view-vertical .elementor-tab-desktop-title.elementor-active{border-right-style:none}.elementor-widget-tabs.elementor-tabs-view-vertical .elementor-tab-desktop-title.elementor-active:after,.elementor-widget-tabs.elementor-tabs-view-vertical .elementor-tab-desktop-title.elementor-active:before{height:999em;width:0;right:0;border-right-style:solid}.elementor-widget-tabs.elementor-tabs-view-vertical .elementor-tab-desktop-title.elementor-active:before{top:0;transform:translateY(-100%)}.elementor-widget-tabs.elementor-tabs-view-vertical .elementor-tab-desktop-title.elementor-active:after{top:100%}.elementor-widget-tabs.elementor-tabs-view-horizontal .elementor-tab-desktop-title{display:table-cell}.elementor-widget-tabs.elementor-tabs-view-horizontal .elementor-tab-desktop-title.elementor-active{border-bottom-style:none}.elementor-widget-tabs.elementor-tabs-view-horizontal .elementor-tab-desktop-title.elementor-active:after,.elementor-widget-tabs.elementor-tabs-view-horizontal .elementor-tab-desktop-title.elementor-active:before{bottom:0;height:0;width:999em;border-bottom-style:solid}.elementor-widget-tabs.elementor-tabs-view-horizontal .elementor-tab-desktop-title.elementor-active:before{right:100%}.elementor-widget-tabs.elementor-tabs-view-horizontal .elementor-tab-desktop-title.elementor-active:after{left:100%}.elementor-widget-tabs .elementor-tab-content,.elementor-widget-tabs .elementor-tab-title,.elementor-widget-tabs .elementor-tab-title:after,.elementor-widget-tabs .elementor-tab-title:before,.elementor-widget-tabs .elementor-tabs-content-wrapper{border:1px #d5d8dc}.elementor-widget-tabs .elementor-tabs{text-align:left}.elementor-widget-tabs .elementor-tabs-wrapper{overflow:hidden}.elementor-widget-tabs .elementor-tab-title{cursor:pointer;outline:var(--focus-outline,none)}.elementor-widget-tabs .elementor-tab-desktop-title{position:relative;padding:20px 25px;font-weight:700;line-height:1;border:solid transparent}.elementor-widget-tabs .elementor-tab-desktop-title.elementor-active{border-color:#d5d8dc}.elementor-widget-tabs .elementor-tab-desktop-title.elementor-active:after,.elementor-widget-tabs .elementor-tab-desktop-title.elementor-active:before{display:block;content:\"\";position:absolute}.elementor-widget-tabs .elementor-tab-desktop-title:focus-visible{border:1px solid #000}.elementor-widget-tabs .elementor-tab-mobile-title{padding:10px;cursor:pointer}.elementor-widget-tabs .elementor-tab-content{padding:20px;display:none}@media (max-width:767px){.elementor-tabs .elementor-tab-content,.elementor-tabs .elementor-tab-title{border-style:solid solid none}.elementor-tabs .elementor-tabs-wrapper{display:none}.elementor-tabs .elementor-tabs-content-wrapper{border-bottom-style:solid}.elementor-tabs .elementor-tab-content{padding:10px}}@media (min-width:768px){.elementor-widget-tabs.elementor-tabs-view-vertical .elementor-tabs{display:flex}.elementor-widget-tabs.elementor-tabs-view-vertical .elementor-tabs-wrapper{flex-direction:column}.elementor-widget-tabs.elementor-tabs-view-vertical .elementor-tabs-content-wrapper{flex-grow:1;border-style:solid solid solid none}.elementor-widget-tabs.elementor-tabs-view-horizontal .elementor-tab-content{border-style:none solid solid}.elementor-widget-tabs.elementor-tabs-alignment-center .elementor-tabs-wrapper,.elementor-widget-tabs.elementor-tabs-alignment-end .elementor-tabs-wrapper,.elementor-widget-tabs.elementor-tabs-alignment-stretch .elementor-tabs-wrapper{display:flex}.elementor-widget-tabs.elementor-tabs-alignment-center .elementor-tabs-wrapper{justify-content:center}.elementor-widget-tabs.elementor-tabs-alignment-end .elementor-tabs-wrapper{justify-content:flex-end}.elementor-widget-tabs.elementor-tabs-alignment-stretch.elementor-tabs-view-horizontal .elementor-tab-title{width:100%}.elementor-widget-tabs.elementor-tabs-alignment-stretch.elementor-tabs-view-vertical .elementor-tab-title{height:100%}.elementor-tabs .elementor-tab-mobile-title{display:none}}<\/style>\t\t<div class=\"elementor-tabs\">\n\t\t\t<div class=\"elementor-tabs-wrapper\" role=\"tablist\" >\n\t\t\t\t\t\t\t\t\t<div id=\"elementor-tab-title-1591\" class=\"elementor-tab-title elementor-tab-desktop-title\" aria-selected=\"true\" data-tab=\"1\" role=\"tab\" tabindex=\"0\" aria-controls=\"elementor-tab-content-1591\" aria-expanded=\"false\">Mot du Directeur<\/div>\n\t\t\t\t\t\t\t<\/div>\n\t\t\t<div class=\"elementor-tabs-content-wrapper\" role=\"tablist\" aria-orientation=\"vertical\">\n\t\t\t\t\t\t\t\t\t<div class=\"elementor-tab-title elementor-tab-mobile-title\" aria-selected=\"true\" data-tab=\"1\" role=\"tab\" tabindex=\"0\" aria-controls=\"elementor-tab-content-1591\" aria-expanded=\"false\">Mot du Directeur<\/div>\n\t\t\t\t\t<div id=\"elementor-tab-content-1591\" class=\"elementor-tab-content elementor-clearfix\" data-tab=\"1\" role=\"tabpanel\" aria-labelledby=\"elementor-tab-title-1591\" tabindex=\"0\" hidden=\"false\"><h5>Mesdames, Messieurs,<\/h5><h5>C\u2019est avec une grande fiert\u00e9 que je vous pr\u00e9sente le site officiel du <strong>C<\/strong>entre <strong>N<\/strong>ational d\u2019<strong>\u00c9<\/strong>tudes <strong>S<\/strong>trat\u00e9giques et de <strong>S<\/strong>\u00e9curit\u00e9 (<strong>CNESS<\/strong>), structure rattach\u00e9e \u00e0 la Pr\u00e9sidence de la R\u00e9publique du Niger.<\/h5><h5>Depuis sa cr\u00e9ation en 2015, notre centre est devenu une institution importante dans l\u2019analyse et l\u2019anticipation des d\u00e9fis strat\u00e9giques et s\u00e9curitaires au Niger et dans la r\u00e9gion.<\/h5><h5>Je rends un vibrant hommage \u00e0 mes pr\u00e9d\u00e9cesseurs et j\u2019entends donc, face aux enjeux s\u00e9curitaires de plus en plus complexes, d\u00e9velopper le cap de l\u2019excellence au niveau des strat\u00e9gies \u00e0 \u00e9laborer, renforcer les capacit\u00e9s de veille et d\u2019anticipation strat\u00e9giques pour satisfaire les besoins de l\u2019Etat en la mati\u00e8re et offrir un cadre d\u2019\u00e9change et de formation pour les \u00e9tudiants, les experts et d\u00e9cideurs.<\/h5><h5>Il s\u2019agit de f\u00e9d\u00e9rer les \u00e9nergies des uns et des autres pour \u0153uvrer \u00e0 la modernisation du <strong>CNESS <\/strong>et en faire un v\u00e9ritable centre d\u2019excellence. Cela passe par le renforcement de notre organisation, l\u2019am\u00e9lioration de nos ressources humaines et mat\u00e9rielles, ainsi que la mise en place de p\u00f4les dans les diff\u00e9rentes r\u00e9gions du Niger pour une approche plus int\u00e9gr\u00e9e et proactive.<\/h5><h5>Dans cette dynamique, nous\u00a0 inscrivons \u00e9galement nos actions dans la vision port\u00e9e par <strong>la Conf\u00e9d\u00e9ration<\/strong> <strong>des \u00c9tats du Sahel (AES)<\/strong>, qui vise \u00e0 renforcer la coop\u00e9ration strat\u00e9gique et s\u00e9curitaire entre les pays membres pour une r\u00e9ponse commune et efficace.<\/h5><h5>\u00c0 travers ce site, qui est \u00e9galement le v\u00f4tre, nous vous invitons \u00e0 d\u00e9couvrir nos travaux, nos recherches, nos initiatives et \u00e0 interagir pour la construction d\u2019une pens\u00e9e strat\u00e9gique. Votre soutien et votre collaboration sont essentiels pour faire du <strong>CNESS<\/strong> un pilier incontournable de la s\u00e9curit\u00e9 nationale et r\u00e9gionale.<\/h5><h5>Ensemble, \u0153uvrons pour un Niger plus s\u00fbr et plus r\u00e9silient, pour un Sahel et une Afrique de Paix, de S\u00e9curit\u00e9 et de D\u00e9veloppement.<\/h5><h5>\u00a0<\/h5><h5><strong>Colonel-Major Mahamadou NOUHOU BAKO<\/strong><br \/>Directeur du Centre National d\u2019\u00c9tudes Strat\u00e9giques et de S\u00e9curit\u00e9 (CNESS)<\/h5><\/div>\n\t\t\t\t\t\t\t<\/div>\n\t\t<\/div>\n\t\t\t\t<\/div>\n\t\t\t\t<\/div>\n\t\t\t\t\t<\/div>\n\t\t<\/div>\n\t\t\t\t\t\t\t<\/div>\n\t\t<\/section>\n\t\t\t\t<section class=\"elementor-section elementor-top-section elementor-element elementor-element-4153c51 elementor-section-boxed elementor-section-height-default elementor-section-height-default\" data-id=\"4153c51\" data-element_type=\"section\">\n\t\t\t\t\t\t<div class=\"elementor-container elementor-column-gap-default\">\n\t\t\t\t\t<div class=\"elementor-column elementor-col-100 elementor-top-column elementor-element elementor-element-9534f79\" data-id=\"9534f79\" data-element_type=\"column\">\n\t\t\t<div class=\"elementor-widget-wrap elementor-element-populated\">\n\t\t\t\t\t\t\t\t<div class=\"elementor-element elementor-element-4789528 elementor-widget elementor-widget-elementskit-heading\" data-id=\"4789528\" data-element_type=\"widget\" data-widget_type=\"elementskit-heading.default\">\n\t\t\t\t<div class=\"elementor-widget-container\">\n\t\t\t<div class=\"ekit-wid-con\" ><div class=\"ekit-heading elementskit-section-title-wraper text_center   ekit_heading_tablet-   ekit_heading_mobile-\"><h2 class=\"ekit-heading--title elementskit-section-title \">Nos Directeurs <\/h2><div class=\"ekit_heading_separetor_wraper ekit_heading_elementskit-border-divider\"><div class=\"elementskit-border-divider\"><\/div><\/div><\/div><\/div>\t\t<\/div>\n\t\t\t\t<\/div>\n\t\t\t\t\t<\/div>\n\t\t<\/div>\n\t\t\t\t\t\t\t<\/div>\n\t\t<\/section>\n\t\t\t\t<section class=\"elementor-section elementor-top-section elementor-element elementor-element-dda5f3a elementor-section-boxed elementor-section-height-default elementor-section-height-default\" data-id=\"dda5f3a\" data-element_type=\"section\">\n\t\t\t\t\t\t<div class=\"elementor-container elementor-column-gap-default\">\n\t\t\t\t\t<div class=\"elementor-column elementor-col-100 elementor-top-column elementor-element elementor-element-1ebdfa7\" data-id=\"1ebdfa7\" data-element_type=\"column\">\n\t\t\t<div class=\"elementor-widget-wrap elementor-element-populated\">\n\t\t\t\t\t\t\t\t<section class=\"elementor-section elementor-inner-section elementor-element elementor-element-5e10417 elementor-section-boxed elementor-section-height-default elementor-section-height-default\" data-id=\"5e10417\" data-element_type=\"section\">\n\t\t\t\t\t\t<div class=\"elementor-container elementor-column-gap-default\">\n\t\t\t\t\t<div class=\"elementor-column elementor-col-25 elementor-inner-column elementor-element elementor-element-c746e46\" data-id=\"c746e46\" data-element_type=\"column\">\n\t\t\t<div class=\"elementor-widget-wrap elementor-element-populated\">\n\t\t\t\t\t\t\t\t<div class=\"elementor-element elementor-element-23bbda4 elementor-widget__width-initial elementor-widget elementor-widget-image\" data-id=\"23bbda4\" data-element_type=\"widget\" data-widget_type=\"image.default\">\n\t\t\t\t<div class=\"elementor-widget-container\">\n\t\t\t\t\t\t\t\t\t\t\t\t\t\t\t<img loading=\"lazy\" decoding=\"async\" width=\"150\" height=\"150\" src=\"https:\/\/cness.ne\/wp-content\/uploads\/2025\/08\/4Colonel-Major-Mahamadou-NOUHOU-BAKO-Directeur-14-05-2024-1-150x150.jpg\" class=\"attachment-thumbnail size-thumbnail wp-image-1372\" alt=\"\" \/>\t\t\t\t\t\t\t\t\t\t\t\t\t\t\t<\/div>\n\t\t\t\t<\/div>\n\t\t\t\t<div class=\"elementor-element elementor-element-e01a758 elementor-widget__width-initial elementor-widget elementor-widget-heading\" data-id=\"e01a758\" data-element_type=\"widget\" data-widget_type=\"heading.default\">\n\t\t\t\t<div class=\"elementor-widget-container\">\n\t\t\t<style>\/*! elementor - v3.15.0 - 20-08-2023 *\/\n.elementor-heading-title{padding:0;margin:0;line-height:1}.elementor-widget-heading .elementor-heading-title[class*=elementor-size-]>a{color:inherit;font-size:inherit;line-height:inherit}.elementor-widget-heading .elementor-heading-title.elementor-size-small{font-size:15px}.elementor-widget-heading .elementor-heading-title.elementor-size-medium{font-size:19px}.elementor-widget-heading .elementor-heading-title.elementor-size-large{font-size:29px}.elementor-widget-heading .elementor-heading-title.elementor-size-xl{font-size:39px}.elementor-widget-heading .elementor-heading-title.elementor-size-xxl{font-size:59px}<\/style><h2 class=\"elementor-heading-title elementor-size-default\"><div style=\"text-align: center; line-height: 1.6;\">\n  <h4 style=\"margin-bottom: 4px; font-size: 16px;\">Colonel-major<\/h4>\n  <p style=\"margin: 0; font-size: 16px;\">Mahamadou Nouhou Bako<\/p>\n  <p style=\"margin: 0; font-size: 14px;\">Depuis le 14\/05\/2024<\/p>\n<\/div>\n<\/h2>\t\t<\/div>\n\t\t\t\t<\/div>\n\t\t\t\t\t<\/div>\n\t\t<\/div>\n\t\t\t\t<div class=\"elementor-column elementor-col-25 elementor-inner-column elementor-element elementor-element-4f7bba5\" data-id=\"4f7bba5\" data-element_type=\"column\">\n\t\t\t<div class=\"elementor-widget-wrap elementor-element-populated\">\n\t\t\t\t\t\t\t\t<div class=\"elementor-element elementor-element-14252a9 elementor-widget__width-initial elementor-widget elementor-widget-image\" data-id=\"14252a9\" data-element_type=\"widget\" data-widget_type=\"image.default\">\n\t\t\t\t<div class=\"elementor-widget-container\">\n\t\t\t\t\t\t\t\t\t\t\t\t\t\t\t<img loading=\"lazy\" decoding=\"async\" width=\"150\" height=\"150\" src=\"https:\/\/cness.ne\/wp-content\/uploads\/2025\/08\/3General-de-division-Ibrahim-WALY-KARINGAMA-Directeur-du-28-11-2022-au-06-08-2023-1-1-150x150.jpg\" class=\"attachment-thumbnail size-thumbnail wp-image-1379\" alt=\"\" \/>\t\t\t\t\t\t\t\t\t\t\t\t\t\t\t<\/div>\n\t\t\t\t<\/div>\n\t\t\t\t<div class=\"elementor-element elementor-element-c1167cb elementor-widget__width-initial elementor-widget elementor-widget-heading\" data-id=\"c1167cb\" data-element_type=\"widget\" data-widget_type=\"heading.default\">\n\t\t\t\t<div class=\"elementor-widget-container\">\n\t\t\t<h6 class=\"elementor-heading-title elementor-size-default\"><div style=\"text-align: center; line-height: 1.6;\">\n  <h4 style=\"margin-bottom: 4px; font-size: 16px;\">G\u00e9n\u00e9ral de Division<\/h4>\n  <p style=\"margin: 0; font-size: 16px;\">Ibrahim Waly Karingama <\/p>\n  <p style=\"margin: 0; font-size: 14px;\">Du 28\/11\/2022 au 06\/08\/2023<\/p>\n<\/div>\n<\/h6>\t\t<\/div>\n\t\t\t\t<\/div>\n\t\t\t\t\t<\/div>\n\t\t<\/div>\n\t\t\t\t<div class=\"elementor-column elementor-col-25 elementor-inner-column elementor-element elementor-element-3e3461a\" data-id=\"3e3461a\" data-element_type=\"column\">\n\t\t\t<div class=\"elementor-widget-wrap elementor-element-populated\">\n\t\t\t\t\t\t\t\t<div class=\"elementor-element elementor-element-8721ec7 elementor-widget__width-initial elementor-widget elementor-widget-image\" data-id=\"8721ec7\" data-element_type=\"widget\" data-widget_type=\"image.default\">\n\t\t\t\t<div class=\"elementor-widget-container\">\n\t\t\t\t\t\t\t\t\t\t\t\t\t\t\t<img loading=\"lazy\" decoding=\"async\" width=\"150\" height=\"150\" src=\"https:\/\/cness.ne\/wp-content\/uploads\/2025\/08\/2Colonel-Major-Mahamadou-SEIDOU-MAGAGI-Directeur-du-20-07-2018au-28-11-2022-1-150x150.jpg\" class=\"attachment-thumbnail size-thumbnail wp-image-1380\" alt=\"\" \/>\t\t\t\t\t\t\t\t\t\t\t\t\t\t\t<\/div>\n\t\t\t\t<\/div>\n\t\t\t\t<div class=\"elementor-element elementor-element-2e0c26d elementor-widget__width-initial elementor-widget elementor-widget-heading\" data-id=\"2e0c26d\" data-element_type=\"widget\" data-widget_type=\"heading.default\">\n\t\t\t\t<div class=\"elementor-widget-container\">\n\t\t\t<h6 class=\"elementor-heading-title elementor-size-default\"><div style=\"text-align: center; line-height: 1.6;\">\n  <h4 style=\"margin-bottom: 4px; font-size: 16px;\">Colonel-Major<\/h4>\n  <p style=\"margin: 0; font-size: 16px;\">Mahamadou Seidou Magagi <\/p>\n  <p style=\"margin: 0; font-size: 14px;\">Du 20\/07\/2018 au 28\/11\/2022<\/p>\n<\/div>\n<\/h6>\t\t<\/div>\n\t\t\t\t<\/div>\n\t\t\t\t\t<\/div>\n\t\t<\/div>\n\t\t\t\t<div class=\"elementor-column elementor-col-25 elementor-inner-column elementor-element elementor-element-0b5622f elementor-hidden-tablet\" data-id=\"0b5622f\" data-element_type=\"column\">\n\t\t\t<div class=\"elementor-widget-wrap elementor-element-populated\">\n\t\t\t\t\t\t\t\t<div class=\"elementor-element elementor-element-155291d elementor-widget__width-initial elementor-widget elementor-widget-image\" data-id=\"155291d\" data-element_type=\"widget\" data-widget_type=\"image.default\">\n\t\t\t\t<div class=\"elementor-widget-container\">\n\t\t\t\t\t\t\t\t\t\t\t\t\t\t\t<img loading=\"lazy\" decoding=\"async\" width=\"150\" height=\"150\" src=\"https:\/\/cness.ne\/wp-content\/uploads\/2025\/08\/1-General-de-brigade-Ibra-BOULAMA-ISSA-Directeur-du-05-12-2016-au-20-07-2018-1-150x150.jpg\" class=\"attachment-thumbnail size-thumbnail wp-image-1381\" alt=\"\" \/>\t\t\t\t\t\t\t\t\t\t\t\t\t\t\t<\/div>\n\t\t\t\t<\/div>\n\t\t\t\t<div class=\"elementor-element elementor-element-808fb9e elementor-widget__width-initial elementor-widget elementor-widget-heading\" data-id=\"808fb9e\" data-element_type=\"widget\" data-widget_type=\"heading.default\">\n\t\t\t\t<div class=\"elementor-widget-container\">\n\t\t\t<h6 class=\"elementor-heading-title elementor-size-default\"><div style=\"text-align: center; line-height: 1.6;\">\n  <h4 style=\"margin-bottom: 4px; font-size: 16px;\">G\u00e9n\u00e9ral de Brigade<\/h4>\n  <p style=\"margin: 0; font-size: 16px;\">Ibra Boulama Issa <\/p>\n  <p style=\"margin: 0; font-size: 14px;\">Du 05\/12\/2016 au 20\/07\/2018<\/p>\n<\/div>\n<\/h6>\t\t<\/div>\n\t\t\t\t<\/div>\n\t\t\t\t\t<\/div>\n\t\t<\/div>\n\t\t\t\t\t\t\t<\/div>\n\t\t<\/section>\n\t\t\t\t\t<\/div>\n\t\t<\/div>\n\t\t\t\t\t\t\t<\/div>\n\t\t<\/section>\n\t\t\t\t\t\t\t<\/div>\n\t\t","protected":false},"excerpt":{"rendered":"<p>Pr\u00e9sentation CNESS Mot du Directeur Mot du Directeur Mesdames, Messieurs, C\u2019est avec une grande fiert\u00e9 que je vous pr\u00e9sente le site officiel du Centre National d\u2019\u00c9tudes Strat\u00e9giques et de S\u00e9curit\u00e9 (CNESS), structure rattach\u00e9e \u00e0 la Pr\u00e9sidence de la R\u00e9publique du Niger. Depuis sa cr\u00e9ation en 2015, notre centre est devenu une institution importante dans l\u2019analyse [&hellip;]<\/p>\n","protected":false},"author":1,"featured_media":0,"parent":0,"menu_order":0,"comment_status":"closed","ping_status":"closed","template":"elementor_canvas","meta":{"footnotes":""},"class_list":["post-353","page","type-page","status-publish","hentry"],"_links":{"self":[{"href":"https:\/\/cness.ne\/index.php?rest_route=\/wp\/v2\/pages\/353","targetHints":{"allow":["GET"]}}],"collection":[{"href":"https:\/\/cness.ne\/index.php?rest_route=\/wp\/v2\/pages"}],"about":[{"href":"https:\/\/cness.ne\/index.php?rest_route=\/wp\/v2\/types\/page"}],"author":[{"embeddable":true,"href":"https:\/\/cness.ne\/index.php?rest_route=\/wp\/v2\/users\/1"}],"replies":[{"embeddable":true,"href":"https:\/\/cness.ne\/index.php?rest_route=%2Fwp%2Fv2%2Fcomments&post=353"}],"version-history":[{"count":103,"href":"https:\/\/cness.ne\/index.php?rest_route=\/wp\/v2\/pages\/353\/revisions"}],"predecessor-version":[{"id":1874,"href":"https:\/\/cness.ne\/index.php?rest_route=\/wp\/v2\/pages\/353\/revisions\/1874"}],"wp:attachment":[{"href":"https:\/\/cness.ne\/index.php?rest_route=%2Fwp%2Fv2%2Fmedia&parent=353"}],"curies":[{"name":"wp","href":"https:\/\/api.w.org\/{rel}","templated":true}]}}