{"id":988,"date":"2023-05-17T09:14:51","date_gmt":"2023-05-17T09:14:51","guid":{"rendered":"https:\/\/cness.ne\/?page_id=988"},"modified":"2025-11-12T15:43:31","modified_gmt":"2025-11-12T15:43:31","slug":"missions-objectifs","status":"publish","type":"page","link":"https:\/\/cness.ne\/?page_id=988","title":{"rendered":"Missions &#038; Objectifs"},"content":{"rendered":"\t\t<div data-elementor-type=\"wp-page\" data-elementor-id=\"988\" class=\"elementor elementor-988\">\n\t\t\t\t\t\t\t\t\t<section class=\"elementor-section elementor-top-section elementor-element elementor-element-66f413a4 elementor-section-full_width elementor-section-height-default elementor-section-height-default\" data-id=\"66f413a4\" data-element_type=\"section\" data-settings=\"{&quot;background_background&quot;:&quot;classic&quot;}\">\n\t\t\t\t\t\t\t<div class=\"elementor-background-overlay\"><\/div>\n\t\t\t\t\t\t\t<div class=\"elementor-container elementor-column-gap-default\">\n\t\t\t\t\t<div class=\"elementor-column elementor-col-100 elementor-top-column elementor-element elementor-element-ae7eb66\" data-id=\"ae7eb66\" data-element_type=\"column\">\n\t\t\t<div class=\"elementor-widget-wrap elementor-element-populated\">\n\t\t\t\t\t\t\t\t<div class=\"elementor-element elementor-element-3ee18616 elementor-widget elementor-widget-page-title\" data-id=\"3ee18616\" data-element_type=\"widget\" data-settings=\"{&quot;align&quot;:&quot;center&quot;}\" data-widget_type=\"page-title.default\">\n\t\t\t\t<div class=\"elementor-widget-container\">\n\t\t\t\t\t\n\t\t<div class=\"hfe-page-title hfe-page-title-wrapper elementor-widget-heading\">\n\n\t\t\t\t\t\t\t\t\t\t\t<a href=\"https:\/\/cness.ne\">\n\t\t\t\t\t\t<h2 class=\"elementor-heading-title elementor-size-default\">\n\t\t\t\t\t\t\t\t\n\t\t\t\tMissions &#038; Objectifs  \n\t\t\t<\/h2 > \n\t\t\t\t\t\t\t\t\t<\/a>\n\t\t\t\t\t<\/div>\n\t\t\t\t<\/div>\n\t\t\t\t<\/div>\n\t\t\t\t\t<\/div>\n\t\t<\/div>\n\t\t\t\t\t\t\t<\/div>\n\t\t<\/section>\n\t\t\t\t<section class=\"elementor-section elementor-top-section elementor-element elementor-element-31db33f6 elementor-section-boxed elementor-section-height-default elementor-section-height-default\" data-id=\"31db33f6\" data-element_type=\"section\" id=\"xs_tab_9\" data-settings=\"{&quot;background_background&quot;:&quot;classic&quot;}\">\n\t\t\t\t\t\t<div class=\"elementor-container elementor-column-gap-default\">\n\t\t\t\t\t<div class=\"elementor-column elementor-col-100 elementor-top-column elementor-element elementor-element-440fa2e2\" data-id=\"440fa2e2\" data-element_type=\"column\">\n\t\t\t<div class=\"elementor-widget-wrap elementor-element-populated\">\n\t\t\t\t\t\t\t\t<section class=\"elementor-section elementor-inner-section elementor-element elementor-element-56f475ff elementor-section-boxed elementor-section-height-default elementor-section-height-default\" data-id=\"56f475ff\" data-element_type=\"section\">\n\t\t\t\t\t\t<div class=\"elementor-container elementor-column-gap-default\">\n\t\t\t\t\t<div class=\"elementor-column elementor-col-100 elementor-inner-column elementor-element elementor-element-5854427\" data-id=\"5854427\" data-element_type=\"column\">\n\t\t\t<div class=\"elementor-widget-wrap elementor-element-populated\">\n\t\t\t\t\t\t\t\t<div class=\"elementor-element elementor-element-b1ed22b elementor-widget elementor-widget-elementskit-simple-tab\" data-id=\"b1ed22b\" data-element_type=\"widget\" data-widget_type=\"elementskit-simple-tab.default\">\n\t\t\t\t<div class=\"elementor-widget-container\">\n\t\t\t<div class=\"ekit-wid-con\" >        <div class=\"elementkit-tab-wraper   elementskit-fitcontent-tab \">\n            <ul class=\"nav nav-tabs elementkit-tab-nav  elementskit_pregress_style elementskit_pregress_style\">\n                                    <li class=\"elementkit-nav-item elementor-repeater-item-e7fb3c4\">\n                        <a class=\"elementkit-nav-link  active show left-pos\" id=\"content-e7fb3c469f15bffcfa5e-tab\" data-ekit-handler-id=\"missions-et-objectifs\" data-ekit-toggle=\"tab\" data-target=\"#content-e7fb3c469f15bffcfa5e\" href=\"#Content-e7fb3c469f15bffcfa5e\"\n                            data-ekit-toggle-trigger=\"click\"\n                            aria-describedby=\"Content-e7fb3c469f15bffcfa5e\">\n                            <span class=\"fab fa-medapps elementskit-tab-icon\"><\/span>                            <span class=\"elementskit-tab-title\"> Missions et Objectifs<\/span>\n                        <\/a>\n                    <\/li>\n                                        <li class=\"elementkit-nav-item elementor-repeater-item-0c668ba\">\n                        <a class=\"elementkit-nav-link  left-pos\" id=\"content-0c668ba69f15bffcfa5e-tab\" data-ekit-handler-id=\"ambitions\" data-ekit-toggle=\"tab\" data-target=\"#content-0c668ba69f15bffcfa5e\" href=\"#Content-0c668ba69f15bffcfa5e\"\n                            data-ekit-toggle-trigger=\"click\"\n                            aria-describedby=\"Content-0c668ba69f15bffcfa5e\">\n                            <span class=\"icon icon-social-share elementskit-tab-icon\"><\/span>                            <span class=\"elementskit-tab-title\"> Ambitions<\/span>\n                        <\/a>\n                    <\/li>\n                                <\/ul>\n\n            <div class=\"tab-content elementkit-tab-content\">\n                                    <div class=\"tab-pane elementkit-tab-pane elementor-repeater-item-e7fb3c4  active show\" id=\"content-e7fb3c469f15bffcfa5e\" role=\"tabpanel\"\n                         aria-labelledby=\"content-e7fb3c469f15bffcfa5e-tab\">\n                        <div class=\"animated fadeIn\">\n                            <p>Le Centre National d\u2019\u00c9tudes Strat\u00e9giques et de S\u00e9curit\u00e9 a pour missions de mener, en relation avec les services et institutions concern\u00e9s, des analyses et des \u00e9tudes prospectives permanentes sur des enjeux strat\u00e9giques et s\u00e9curitaires de la vie nationale et internationale.<\/p><p>Il est charg\u00e9 de :<\/p><ul><li>Effectuer des \u00e9tudes prospectives et proc\u00e9der \u00e0 une \u00e9valuation globale des questions s\u00e9curitaires et strat\u00e9giques ;<\/li><li>Mener des r\u00e9flexions dans le domaine des relations internationales, des questions de d\u00e9fense et de s\u00e9curit\u00e9, leur \u00e9volution et leur implication sur le d\u00e9veloppement national ;<\/li><li>Proposer des perspectives pour le renforcement de la paix et de la stabilit\u00e9\u00a0au Niger ;<\/li><li>Faire des propositions sur les moyens d\u2019actions permettant d\u2019anticiper et de faire face aux \u00e9v\u00e9nements et d\u2019impulser toute initiative de nature \u00e0 pr\u00e9server l\u2019int\u00e9r\u00eat national\u00a0;<\/li><li>Faire des \u00e9tudes, des recherches et des formations \u00e0 la demande des services et Institutions publics nationaux.<\/li><\/ul>                        <\/div>\n                    <\/div>\n                                    <div class=\"tab-pane elementkit-tab-pane elementor-repeater-item-0c668ba \" id=\"content-0c668ba69f15bffcfa5e\" role=\"tabpanel\"\n                         aria-labelledby=\"content-0c668ba69f15bffcfa5e-tab\">\n                        <div class=\"animated fadeIn\">\n                            <p>Le CNESS ambitionne de devenir un v\u00e9ritable centre de r\u00e9f\u00e9rence en mati\u00e8re de recherche et de formation strat\u00e9gique et s\u00e9curitaire. Il s\u2019agit de l\u2019\u00e9largissement de son champ d\u2019intervention \u00e0 travers des dispositifs ci-apr\u00e8s:<\/p><ul><li>Un p\u00f4le acad\u00e9mique \u00e0 caract\u00e8re scientifique pour mener des analyses et des recherches en \u00e9tudes strat\u00e9giques.<\/li><li>Un laboratoire de recherches documentaires.<\/li><li>Un programme annuel de formation dans les domaines de la D\u00e9fense, de la S\u00e9curit\u00e9 et de la Paix sanctionn\u00e9 par la d\u00e9livrance de Master en collaboration avec l\u2019universit\u00e9 Abdou Moumouni Dioffo de Niamey et\/ou autres organisme de formation \u0153uvrant dans le m\u00eame domaine.<\/li><li>Un programme de certification dans le cadre de renforcement de capacit\u00e9.<\/li><\/ul>                        <\/div>\n                    <\/div>\n                            <\/div>\n        <\/div>\n    <\/div>\t\t<\/div>\n\t\t\t\t<\/div>\n\t\t\t\t\t<\/div>\n\t\t<\/div>\n\t\t\t\t\t\t\t<\/div>\n\t\t<\/section>\n\t\t\t\t\t<\/div>\n\t\t<\/div>\n\t\t\t\t\t\t\t<\/div>\n\t\t<\/section>\n\t\t\t\t\t\t\t<\/div>\n\t\t","protected":false},"excerpt":{"rendered":"<p>Missions &#038; Objectifs Missions et Objectifs Ambitions Le Centre National d\u2019\u00c9tudes Strat\u00e9giques et de S\u00e9curit\u00e9 a pour missions de mener, en relation avec les services et institutions concern\u00e9s, des analyses et des \u00e9tudes prospectives permanentes sur des enjeux strat\u00e9giques et s\u00e9curitaires de la vie nationale et internationale. Il est charg\u00e9 de : Effectuer des \u00e9tudes [&hellip;]<\/p>\n","protected":false},"author":1,"featured_media":0,"parent":0,"menu_order":0,"comment_status":"closed","ping_status":"closed","template":"elementor_canvas","meta":{"footnotes":""},"class_list":["post-988","page","type-page","status-publish","hentry"],"_links":{"self":[{"href":"https:\/\/cness.ne\/index.php?rest_route=\/wp\/v2\/pages\/988","targetHints":{"allow":["GET"]}}],"collection":[{"href":"https:\/\/cness.ne\/index.php?rest_route=\/wp\/v2\/pages"}],"about":[{"href":"https:\/\/cness.ne\/index.php?rest_route=\/wp\/v2\/types\/page"}],"author":[{"embeddable":true,"href":"https:\/\/cness.ne\/index.php?rest_route=\/wp\/v2\/users\/1"}],"replies":[{"embeddable":true,"href":"https:\/\/cness.ne\/index.php?rest_route=%2Fwp%2Fv2%2Fcomments&post=988"}],"version-history":[{"count":50,"href":"https:\/\/cness.ne\/index.php?rest_route=\/wp\/v2\/pages\/988\/revisions"}],"predecessor-version":[{"id":1917,"href":"https:\/\/cness.ne\/index.php?rest_route=\/wp\/v2\/pages\/988\/revisions\/1917"}],"wp:attachment":[{"href":"https:\/\/cness.ne\/index.php?rest_route=%2Fwp%2Fv2%2Fmedia&parent=988"}],"curies":[{"name":"wp","href":"https:\/\/api.w.org\/{rel}","templated":true}]}}